{"id":8262,"date":"2025-03-25T14:59:58","date_gmt":"2025-03-25T14:59:58","guid":{"rendered":"https:\/\/rigmaroleglobal.com\/?page_id=8262"},"modified":"2025-08-08T10:44:24","modified_gmt":"2025-08-08T10:44:24","slug":"sobre-nosotros","status":"publish","type":"page","link":"https:\/\/rigmaroleglobal.com\/en\/sobre-nosotros","title":{"rendered":"Sobre Nosotros"},"content":{"rendered":"<div data-elementor-type=\"wp-page\" data-elementor-id=\"8262\" class=\"elementor elementor-8262\" data-elementor-post-type=\"page\">\n\t\t\t\t<div class=\"elementor-element elementor-element-aa85d79 e-flex e-con-boxed wpr-particle-no wpr-jarallax-no wpr-parallax-no wpr-sticky-section-no wpr-equal-height-no e-con e-parent\" data-id=\"aa85d79\" data-element_type=\"container\" data-e-type=\"container\">\n\t\t\t\t\t<div class=\"e-con-inner\">\n\t\t\t\t<div class=\"elementor-element elementor-element-1c03185 elementor-invisible elementor-widget elementor-widget-heading\" data-id=\"1c03185\" data-element_type=\"widget\" data-e-type=\"widget\" data-settings=\"{&quot;_animation&quot;:&quot;fadeIn&quot;}\" data-widget_type=\"heading.default\">\n\t\t\t\t<div class=\"elementor-widget-container\">\n\t\t\t\t\t<h2 class=\"elementor-heading-title elementor-size-default\">About Rigmarole Global<\/h2>\t\t\t\t<\/div>\n\t\t\t\t<\/div>\n\t\t\t\t\t<\/div>\n\t\t\t\t<\/div>\n\t\t<div class=\"elementor-element elementor-element-f5b161a e-flex e-con-boxed wpr-particle-no wpr-jarallax-no wpr-parallax-no wpr-sticky-section-no wpr-equal-height-no e-con e-parent\" data-id=\"f5b161a\" data-element_type=\"container\" data-e-type=\"container\">\n\t\t\t\t\t<div class=\"e-con-inner\">\n\t\t<div class=\"elementor-element elementor-element-b678752 e-con-full e-flex wpr-particle-no wpr-jarallax-no wpr-parallax-no wpr-sticky-section-no wpr-equal-height-no e-con e-child\" data-id=\"b678752\" data-element_type=\"container\" data-e-type=\"container\">\n\t\t\t\t<div class=\"elementor-element elementor-element-7130a0d elementor-widget elementor-widget-text-editor\" data-id=\"7130a0d\" data-element_type=\"widget\" data-e-type=\"widget\" data-widget_type=\"text-editor.default\">\n\t\t\t\t<div class=\"elementor-widget-container\">\n\t\t\t\t\t\t\t\t\t<p>Develop projects with impact means connecting innovation with nature and people.<\/p><p>No se trata solo de aplicar avances tecnol\u00f3gicos o utilizar la sostenibilidad como estandarte, sino de hacerlo con prop\u00f3sito, considerando el equilibrio entre ambas partes.<\/p><p>Cuando unimos estos tres aspectos en cada proyecto, no solo ofrecemos innovaci\u00f3n, tambi\u00e9n marcamos la diferencia con propuestas que generan impacto y conexi\u00f3n.<\/p>\t\t\t\t\t\t\t\t<\/div>\n\t\t\t\t<\/div>\n\t\t\t\t<div class=\"elementor-element elementor-element-5492833 elementor-align-left elementor-invisible elementor-widget elementor-widget-button\" data-id=\"5492833\" data-element_type=\"widget\" data-e-type=\"widget\" data-settings=\"{&quot;_animation&quot;:&quot;fadeIn&quot;}\" data-widget_type=\"button.default\">\n\t\t\t\t<div class=\"elementor-widget-container\">\n\t\t\t\t\t\t\t\t\t<div class=\"elementor-button-wrapper\">\n\t\t\t\t\t<a class=\"elementor-button elementor-button-link elementor-size-sm\" href=\"https:\/\/rigmaroleglobal.com\/en\/contacto\/\">\n\t\t\t\t\t\t<span class=\"elementor-button-content-wrapper\">\n\t\t\t\t\t\t<span class=\"elementor-button-icon\">\n\t\t\t\t<svg aria-hidden=\"true\" class=\"e-font-icon-svg e-fas-long-arrow-alt-right\" viewbox=\"0 0 448 512\" xmlns=\"http:\/\/www.w3.org\/2000\/svg\"><path d=\"M313.941 216H12c-6.627 0-12 5.373-12 12v56c0 6.627 5.373 12 12 12h301.941v46.059c0 21.382 25.851 32.09 40.971 16.971l86.059-86.059c9.373-9.373 9.373-24.569 0-33.941l-86.059-86.059c-15.119-15.119-40.971-4.411-40.971 16.971V216z\"><\/path><\/svg>\t\t\t<\/span>\n\t\t\t\t\t\t\t\t\t<span class=\"elementor-button-text\">Contact<\/span>\n\t\t\t\t\t<\/span>\n\t\t\t\t\t<\/a>\n\t\t\t\t<\/div>\n\t\t\t\t\t\t\t\t<\/div>\n\t\t\t\t<\/div>\n\t\t\t\t<\/div>\n\t\t<div class=\"elementor-element elementor-element-827edb9 e-con-full e-flex wpr-particle-no wpr-jarallax-no wpr-parallax-no wpr-sticky-section-no wpr-equal-height-no e-con e-child\" data-id=\"827edb9\" data-element_type=\"container\" data-e-type=\"container\">\n\t\t\t\t<div class=\"elementor-element elementor-element-f9b7890 elementor-widget elementor-widget-image\" data-id=\"f9b7890\" data-element_type=\"widget\" data-e-type=\"widget\" data-widget_type=\"image.default\">\n\t\t\t\t<div class=\"elementor-widget-container\">\n\t\t\t\t\t\t\t\t\t\t\t\t\t\t\t<img fetchpriority=\"high\" decoding=\"async\" width=\"750\" height=\"1024\" src=\"https:\/\/rigmaroleglobal.com\/wp-content\/uploads\/2025\/02\/Mesa-de-trabajo-1-750x1024.png\" class=\"attachment-large size-large wp-image-15\" alt=\"\" srcset=\"https:\/\/rigmaroleglobal.com\/wp-content\/uploads\/2025\/02\/Mesa-de-trabajo-1-750x1024.png 750w, https:\/\/rigmaroleglobal.com\/wp-content\/uploads\/2025\/02\/Mesa-de-trabajo-1-220x300.png 220w, https:\/\/rigmaroleglobal.com\/wp-content\/uploads\/2025\/02\/Mesa-de-trabajo-1-768x1048.png 768w, https:\/\/rigmaroleglobal.com\/wp-content\/uploads\/2025\/02\/Mesa-de-trabajo-1.png 784w\" sizes=\"(max-width: 750px) 100vw, 750px\" \/>\t\t\t\t\t\t\t\t\t\t\t\t\t\t\t<\/div>\n\t\t\t\t<\/div>\n\t\t\t\t<\/div>\n\t\t\t\t\t<\/div>\n\t\t\t\t<\/div>\n\t\t<div class=\"elementor-element elementor-element-6aea07f e-grid e-con-boxed wpr-particle-no wpr-jarallax-no wpr-parallax-no wpr-sticky-section-no wpr-equal-height-no e-con e-parent\" data-id=\"6aea07f\" data-element_type=\"container\" data-e-type=\"container\">\n\t\t\t\t\t<div class=\"e-con-inner\">\n\t\t<div class=\"elementor-element elementor-element-fd055dd e-con-full e-flex wpr-particle-no wpr-jarallax-no wpr-parallax-no wpr-sticky-section-no wpr-equal-height-no e-con e-child\" data-id=\"fd055dd\" data-element_type=\"container\" data-e-type=\"container\">\n\t\t\t\t<div class=\"elementor-element elementor-element-738cc37 elementor-widget elementor-widget-image\" data-id=\"738cc37\" data-element_type=\"widget\" data-e-type=\"widget\" data-widget_type=\"image.default\">\n\t\t\t\t<div class=\"elementor-widget-container\">\n\t\t\t\t\t\t\t\t\t\t\t\t\t\t\t<img decoding=\"async\" src=\"https:\/\/rigmaroleglobal.com\/wp-content\/uploads\/elementor\/thumbs\/Tecnologia-Rigmarole-scaled-r96ser74t7it0vlsgdabibmd93a5tqqaj7pr8q5zug.jpg\" title=\"Futuristic circuit board\" alt=\"Futuristic mechanical circuit board with a digital data flowing.\" loading=\"lazy\" \/>\t\t\t\t\t\t\t\t\t\t\t\t\t\t\t<\/div>\n\t\t\t\t<\/div>\n\t\t\t\t<div class=\"elementor-element elementor-element-4a92ea1 elementor-widget-mobile__width-inherit elementor-widget elementor-widget-heading\" data-id=\"4a92ea1\" data-element_type=\"widget\" data-e-type=\"widget\" data-widget_type=\"heading.default\">\n\t\t\t\t<div class=\"elementor-widget-container\">\n\t\t\t\t\t<h2 class=\"elementor-heading-title elementor-size-default\">Technology<\/h2>\t\t\t\t<\/div>\n\t\t\t\t<\/div>\n\t\t\t\t<div class=\"elementor-element elementor-element-d357fe3 elementor-widget elementor-widget-text-editor\" data-id=\"d357fe3\" data-element_type=\"widget\" data-e-type=\"widget\" data-widget_type=\"text-editor.default\">\n\t\t\t\t<div class=\"elementor-widget-container\">\n\t\t\t\t\t\t\t\t\t<p><span style=\"font-weight: 400;\">Beyond its constant evolution, the key is to use it with consistency, looking for solutions that simplify processes and provide real value to the people using them.<\/span><\/p>\t\t\t\t\t\t\t\t<\/div>\n\t\t\t\t<\/div>\n\t\t\t\t<\/div>\n\t\t<div class=\"elementor-element elementor-element-c7f370e e-con-full e-flex wpr-particle-no wpr-jarallax-no wpr-parallax-no wpr-sticky-section-no wpr-equal-height-no e-con e-child\" data-id=\"c7f370e\" data-element_type=\"container\" data-e-type=\"container\">\n\t\t\t\t<div class=\"elementor-element elementor-element-72d5a9f elementor-widget elementor-widget-image\" data-id=\"72d5a9f\" data-element_type=\"widget\" data-e-type=\"widget\" data-widget_type=\"image.default\">\n\t\t\t\t<div class=\"elementor-widget-container\">\n\t\t\t\t\t\t\t\t\t\t\t\t\t\t\t<img decoding=\"async\" src=\"https:\/\/rigmaroleglobal.com\/wp-content\/uploads\/elementor\/thumbs\/naturaleza@4x-r96ser74t7it0vlsgdabibmd93a5tqqaj7pr8q5zug.png\" title=\"nature@4x\" alt=\"Naturaleza\" loading=\"lazy\" \/>\t\t\t\t\t\t\t\t\t\t\t\t\t\t\t<\/div>\n\t\t\t\t<\/div>\n\t\t\t\t<div class=\"elementor-element elementor-element-12ea331 elementor-widget-mobile__width-inherit elementor-widget elementor-widget-heading\" data-id=\"12ea331\" data-element_type=\"widget\" data-e-type=\"widget\" data-widget_type=\"heading.default\">\n\t\t\t\t<div class=\"elementor-widget-container\">\n\t\t\t\t\t<h2 class=\"elementor-heading-title elementor-size-default\">Nature<\/h2>\t\t\t\t<\/div>\n\t\t\t\t<\/div>\n\t\t\t\t<div class=\"elementor-element elementor-element-1e87500 elementor-widget elementor-widget-text-editor\" data-id=\"1e87500\" data-element_type=\"widget\" data-e-type=\"widget\" data-widget_type=\"text-editor.default\">\n\t\t\t\t<div class=\"elementor-widget-container\">\n\t\t\t\t\t\t\t\t\t<p>Everything we live with an environment. Incorporate nature-based solutions, to imitate, to highlight and to lure him into a purpose responsible solutions that allows us to take advantage of the resources with vision to the future, without compromising what surrounds us<strong><span style=\"color: #af4b38;\"><br \/><\/span><\/strong><\/p>\t\t\t\t\t\t\t\t<\/div>\n\t\t\t\t<\/div>\n\t\t\t\t<\/div>\n\t\t<div class=\"elementor-element elementor-element-7716a6b e-con-full e-flex wpr-particle-no wpr-jarallax-no wpr-parallax-no wpr-sticky-section-no wpr-equal-height-no e-con e-child\" data-id=\"7716a6b\" data-element_type=\"container\" data-e-type=\"container\">\n\t\t\t\t<div class=\"elementor-element elementor-element-477f0cd elementor-widget elementor-widget-image\" data-id=\"477f0cd\" data-element_type=\"widget\" data-e-type=\"widget\" data-widget_type=\"image.default\">\n\t\t\t\t<div class=\"elementor-widget-container\">\n\t\t\t\t\t\t\t\t\t\t\t\t\t\t\t<img decoding=\"async\" src=\"https:\/\/rigmaroleglobal.com\/wp-content\/uploads\/elementor\/thumbs\/personas@4x-r96ser74t7it0vlsgdabibmd93a5tqqaj7pr8q5zug.png\" title=\"people@4x\" alt=\"Personas\" loading=\"lazy\" \/>\t\t\t\t\t\t\t\t\t\t\t\t\t\t\t<\/div>\n\t\t\t\t<\/div>\n\t\t\t\t<div class=\"elementor-element elementor-element-0175951 elementor-widget-mobile__width-inherit elementor-widget elementor-widget-heading\" data-id=\"0175951\" data-element_type=\"widget\" data-e-type=\"widget\" data-widget_type=\"heading.default\">\n\t\t\t\t<div class=\"elementor-widget-container\">\n\t\t\t\t\t<h2 class=\"elementor-heading-title elementor-size-default\">People<\/h2>\t\t\t\t<\/div>\n\t\t\t\t<\/div>\n\t\t\t\t<div class=\"elementor-element elementor-element-a0b8dca elementor-widget elementor-widget-text-editor\" data-id=\"a0b8dca\" data-element_type=\"widget\" data-e-type=\"widget\" data-widget_type=\"text-editor.default\">\n\t\t\t\t<div class=\"elementor-widget-container\">\n\t\t\t\t\t\t\t\t\t<p>Understand their needs and expectations helps us to create experiences that really matter, building relationships based on trust , collaboration and respect.<br \/><strong><span style=\"color: #af4b38;\"><br \/><\/span><\/strong><\/p>\t\t\t\t\t\t\t\t<\/div>\n\t\t\t\t<\/div>\n\t\t\t\t<\/div>\n\t\t\t\t\t<\/div>\n\t\t\t\t<\/div>\n\t\t\t\t<\/div>","protected":false},"excerpt":{"rendered":"<p>Sobre Rigmarole Global Desarrollar proyectos con impacto significa conectar la innovaci\u00f3n con la naturaleza y las personas. No se trata solo de aplicar avances tecnol\u00f3gicos o utilizar la sostenibilidad como estandarte, sino de hacerlo con prop\u00f3sito, considerando el equilibrio entre ambas partes. Cuando unimos estos tres aspectos en cada proyecto, no solo ofrecemos innovaci\u00f3n, tambi\u00e9n marcamos la diferencia con propuestas que generan impacto y conexi\u00f3n. Ponerse en contacto Tecnolog\u00eda M\u00e1s all\u00e1 de su constante evoluci\u00f3n, la clave est\u00e1 en utilizarla con coherencia, buscando soluciones que simplifiquen procesos y aporten valor real a quienes las utilizan. Naturaleza Todo lo que creamos convive con un entorno. Incorporar soluciones basadas en la naturaleza, imitar, resaltar y atraerlo a un prop\u00f3sito soluciones responsables que nos permite aprovechar los recursos con visi\u00f3n a futuro, sin comprometer lo que nos rodea Personas Entender sus necesidades y expectativas nos ayuda a generar experiencias que realmente importan, construyendo relaciones basadas en la confianza , colaboraci\u00f3n y respeto.<\/p>","protected":false},"author":1,"featured_media":0,"parent":0,"menu_order":0,"comment_status":"closed","ping_status":"open","template":"","meta":{"footnotes":""},"class_list":["post-8262","page","type-page","status-publish","hentry"],"_links":{"self":[{"href":"https:\/\/rigmaroleglobal.com\/en\/wp-json\/wp\/v2\/pages\/8262","targetHints":{"allow":["GET"]}}],"collection":[{"href":"https:\/\/rigmaroleglobal.com\/en\/wp-json\/wp\/v2\/pages"}],"about":[{"href":"https:\/\/rigmaroleglobal.com\/en\/wp-json\/wp\/v2\/types\/page"}],"author":[{"embeddable":true,"href":"https:\/\/rigmaroleglobal.com\/en\/wp-json\/wp\/v2\/users\/1"}],"replies":[{"embeddable":true,"href":"https:\/\/rigmaroleglobal.com\/en\/wp-json\/wp\/v2\/comments?post=8262"}],"version-history":[{"count":0,"href":"https:\/\/rigmaroleglobal.com\/en\/wp-json\/wp\/v2\/pages\/8262\/revisions"}],"wp:attachment":[{"href":"https:\/\/rigmaroleglobal.com\/en\/wp-json\/wp\/v2\/media?parent=8262"}],"curies":[{"name":"wp","href":"https:\/\/api.w.org\/{rel}","templated":true}]}}